{"id":334,"date":"2022-08-07T10:36:15","date_gmt":"2022-08-07T10:36:15","guid":{"rendered":"https:\/\/www.gellertkovacs.com\/?page_id=334"},"modified":"2022-11-21T22:41:49","modified_gmt":"2022-11-21T22:41:49","slug":"smakprov-sovjetskamt","status":"publish","type":"page","link":"https:\/\/www.gellertkovacs.com\/?page_id=334","title":{"rendered":"Smakprov Sovjetsk\u00e4mt"},"content":{"rendered":"\n<figure class=\"wp-block-image size-large is-resized\"><a href=\"https:\/\/www.gellertkovacs.com\/wp-content\/uploads\/2022\/11\/0324_001-scaled.jpg\"><img loading=\"lazy\" decoding=\"async\" src=\"https:\/\/www.gellertkovacs.com\/wp-content\/uploads\/2022\/11\/0324_001-725x1024.jpg\" alt=\"\" class=\"wp-image-471\" width=\"445\" height=\"629\" srcset=\"https:\/\/www.gellertkovacs.com\/wp-content\/uploads\/2022\/11\/0324_001-725x1024.jpg 725w, https:\/\/www.gellertkovacs.com\/wp-content\/uploads\/2022\/11\/0324_001-212x300.jpg 212w, https:\/\/www.gellertkovacs.com\/wp-content\/uploads\/2022\/11\/0324_001-768x1085.jpg 768w, https:\/\/www.gellertkovacs.com\/wp-content\/uploads\/2022\/11\/0324_001-1088x1536.jpg 1088w, https:\/\/www.gellertkovacs.com\/wp-content\/uploads\/2022\/11\/0324_001-1450x2048.jpg 1450w, https:\/\/www.gellertkovacs.com\/wp-content\/uploads\/2022\/11\/0324_001-scaled.jpg 1813w\" sizes=\"(max-width: 445px) 100vw, 445px\" \/><\/a><\/figure>\n\n\n\n<p><strong>Farliga tankar.<\/strong>En hemlig polis tar en man till NKVD h\u00f6gkvarteret.<\/p>\n\n\n\n<p>&#8220;<em>Den h\u00e4r mannen t\u00e4nker farliga tankar<\/em>&#8221; sa polisen till sitt bef\u00e4l.<\/p>\n\n\n\n<p>&#8220;<em>Vad sa han<\/em>?&#8221; fr\u00e5gade bef\u00e4let<\/p>\n\n\n\n<p>&#8220;<em>Inget! Men jag tog honom innan han kunde s\u00e4ga dem h\u00f6gt<\/em>&#8220;<\/p>\n\n\n\n<p><strong>Tankar vid gr\u00e4nsen<\/strong>.<\/p>\n\n\n\n<p>Tv\u00e5 ryska gr\u00e4nsvakter, Ivan och Vladimir st\u00e5r p\u00e5 vakt n\u00e5gonstans vid gr\u00e4nsen en kall vintermorgon. Ivan st\u00e5r och tittar ut \u00f6ver gr\u00e4nsen och sm\u00e5ler. Han m\u00e4rker att Vladimir g\u00f6r detsamma.<\/p>\n\n\n\n<p>Ivan; &#8221; <em>Vad t\u00e4nker du p\u00e5 kamrat?&#8221;<\/em><\/p>\n\n\n\n<p>Vladimir; &#8220;<em>Samma sak som du kamrat.&#8221;<\/em><\/p>\n\n\n\n<p>Ivan; &#8220;<em>D\u00e5 \u00e4r det min plikt att arrestera dig<\/em>!&#8221;<\/p>\n\n\n\n<p><strong>Det konstgjorda \u00f6gat.<\/strong><\/p>\n\n\n\n<p>En medborgare \u00e4r under korsf\u00f6rh\u00f6r av NKVD.<\/p>\n\n\n\n<p>F\u00f6rh\u00f6rsledaren fr\u00e5gar den intagne; &#8220;<em>Vilket av mina \u00f6gon \u00e4r konstgjort? Klarar du att svara p\u00e5 det sl\u00e4pper vi dig fri.\u201d&nbsp; \u201dDen v\u00e4nstra\u201d <\/em>s\u00e4ger den intagne bombs\u00e4kert. F\u00f6rh\u00f6rsledaren \u00e4r f\u00f6rv\u00e5nad; \u201d<em>Hur kunde du veta det s\u00e5 s\u00e4kert?<\/em><\/p>\n\n\n\n<p>Medborgaren svarar; \u201d<em>D\u00e4rf\u00f6r att den s\u00e5g s\u00e5 v\u00e4nlig ut!\u201d<\/em><\/p>\n\n\n\n<p><strong>D\u00f6dens \u00e4ngel.<\/strong><\/p>\n\n\n\n<p>Moskva 1937. En man i sin l\u00e4genhet han h\u00f6rde en kv\u00e4ll att n\u00e5gon knackade p\u00e5 d\u00f6rren. Han fr\u00e5gar \u00e4ngsligt; \u201d <em>Vem \u00e4r det<\/em>?<\/p>\n\n\n\n<p>&#8220;<em>Huuuh\u2026Jag \u00e4r d\u00f6dens \u00e4ngel<\/em>&#8221; svarar en kuslig r\u00f6st. Mannen s\u00e4ger l\u00e4ttad; <em>Puuh..sk\u00f6nt\u2026jag trodde att det var polisen..\u201d<\/em><\/p>\n\n\n\n<p><strong>Ringa polisen<\/strong><\/p>\n\n\n\n<p>En amerikansk turist guidades runt i Moskva p\u00e5 80-talet av en gammal man som ber\u00e4ttade om 30-talet; &#8220;<em>D\u00e5 kom NKVD och h\u00e4mtade tiotusentals m\u00e4nniskor mitt i natten fr\u00e5n deras hem<\/em>&#8221; ber\u00e4ttar den gamle.<\/p>\n\n\n\n<p>Amerikanen utbrister; <em>Fruktansv\u00e4rt! Varf\u00f6r ringde ingen polisen..?&#8221;<\/em><\/p>\n\n\n\n<p><strong>Riskabel papegoja.<\/strong><\/p>\n\n\n\n<p>En man i exalterat tillst\u00e5nd rusar in p\u00e5 KGBs h\u00f6gkvarter;<\/p>\n\n\n\n<p>&#8220;<em>Kamrat KGB-konstapel&#8230; jag skulle vilja anm\u00e4la att min papegoja har rymt!<\/em><\/p>\n\n\n\n<p>KGB officeren rynkar p\u00e5 pannan och s\u00e4ger; <em>&#8221; Men varf\u00f6r i himlens namn kommer ni hit med en s\u00e5dan sm\u00e5sak, tror ni inte att vi har viktigare saker att g\u00f6ra? &#8220;<\/em><\/p>\n\n\n\n<p>Mannen stammar fram; <em>&#8220;Jo f\u00f6rvisso, kamrat konstapel&#8230;.Men jag \u00e4r h\u00e4r f\u00f6r att p\u00e5peka att om ni hittar min papegoja s\u00e5 tar jag best\u00e4mt avst\u00e5nd fr\u00e5n hans politiska \u00e5sikt!<\/em><\/p>\n\n\n<div class=\"wp-block-image\">\n<figure class=\"alignleft\"><a href=\"https:\/\/www.gellertkovacs.com\/wp-content\/uploads\/2015\/04\/sojvetskamt_med_gellert_01_top.jpg\"><img loading=\"lazy\" decoding=\"async\" width=\"300\" height=\"200\" src=\"https:\/\/www.gellertkovacs.com\/wp-content\/uploads\/2015\/04\/sojvetskamt_med_gellert_01_top-300x200.jpg\" alt=\"\" class=\"wp-image-248\" title=\"sojvetskamt_med_gellert_01_top\" srcset=\"https:\/\/www.gellertkovacs.com\/wp-content\/uploads\/2015\/04\/sojvetskamt_med_gellert_01_top-300x200.jpg 300w, https:\/\/www.gellertkovacs.com\/wp-content\/uploads\/2015\/04\/sojvetskamt_med_gellert_01_top-448x300.jpg 448w, https:\/\/www.gellertkovacs.com\/wp-content\/uploads\/2015\/04\/sojvetskamt_med_gellert_01_top.jpg 790w\" sizes=\"(max-width: 300px) 100vw, 300px\" \/><\/a><\/figure><\/div>","protected":false},"excerpt":{"rendered":"<p>Farliga tankar.En hemlig polis tar en man till NKVD h\u00f6gkvarteret. &#8220;Den h\u00e4r mannen t\u00e4nker farliga tankar&#8221; sa polisen till sitt bef\u00e4l. &#8220;Vad sa han?&#8221; fr\u00e5gade bef\u00e4let &#8220;Inget! Men jag tog honom innan han kunde s\u00e4ga dem h\u00f6gt&#8220; Tankar vid gr\u00e4nsen. Tv\u00e5 ryska gr\u00e4nsvakter, Ivan och Vladimir st\u00e5r p\u00e5 vakt n\u00e5gonstans vid gr\u00e4nsen en kall vintermorgon. Ivan st\u00e5r och tittar ut [&hellip;]<\/p>\n","protected":false},"author":1,"featured_media":0,"parent":0,"menu_order":0,"comment_status":"closed","ping_status":"closed","template":"","meta":{"footnotes":""},"class_list":["post-334","page","type-page","status-publish","hentry"],"_links":{"self":[{"href":"https:\/\/www.gellertkovacs.com\/index.php?rest_route=\/wp\/v2\/pages\/334"}],"collection":[{"href":"https:\/\/www.gellertkovacs.com\/index.php?rest_route=\/wp\/v2\/pages"}],"about":[{"href":"https:\/\/www.gellertkovacs.com\/index.php?rest_route=\/wp\/v2\/types\/page"}],"author":[{"embeddable":true,"href":"https:\/\/www.gellertkovacs.com\/index.php?rest_route=\/wp\/v2\/users\/1"}],"replies":[{"embeddable":true,"href":"https:\/\/www.gellertkovacs.com\/index.php?rest_route=%2Fwp%2Fv2%2Fcomments&post=334"}],"version-history":[{"count":3,"href":"https:\/\/www.gellertkovacs.com\/index.php?rest_route=\/wp\/v2\/pages\/334\/revisions"}],"predecessor-version":[{"id":473,"href":"https:\/\/www.gellertkovacs.com\/index.php?rest_route=\/wp\/v2\/pages\/334\/revisions\/473"}],"wp:attachment":[{"href":"https:\/\/www.gellertkovacs.com\/index.php?rest_route=%2Fwp%2Fv2%2Fmedia&parent=334"}],"curies":[{"name":"wp","href":"https:\/\/api.w.org\/{rel}","templated":true}]}}