{"id":333,"date":"2022-08-07T10:36:15","date_gmt":"2022-08-07T10:36:15","guid":{"rendered":"https:\/\/www.gellertkovacs.com\/?page_id=333"},"modified":"2022-11-21T23:20:17","modified_gmt":"2022-11-21T23:20:17","slug":"innehall-sovjetskamt","status":"publish","type":"page","link":"https:\/\/www.gellertkovacs.com\/?page_id=333","title":{"rendered":"Inneh\u00e5ll Sovjetsk\u00e4mt"},"content":{"rendered":"\n<p>&#8220;Humorn \u00e4r en av v\u00e5ra viktigaste egenskaper. Inte minst i sv\u00e5righeter. Ofta \u00e4r det den svages och maktl\u00f6ses enda vapen mot en \u00f6verm\u00e4ktig (och ofta humorl\u00f6s) \u00f6verhet. S\u00e4kerligen gick m\u00e4nniskor utel\u00e4mnade \u00e5t en brutal diktatur lite l\u00e4ttnad i sj\u00e4len d\u00e5 de skrattade \u00e5t en riktigt bra vits om den. Det avdemoniserade makten, fick dem att bli l\u00f6jliga och falla ned fr\u00e5n sina socklar.&#8221;<\/p>\n\n\n\n<p>Sovjetsk\u00e4mt \u00e4r ett urval av politiska sk\u00e4mt fr\u00e5n det kommunistiska \u00d6steuropa. Boken \u00e4r ett f\u00f6rs\u00f6k att genom humor ge insyn i m\u00e4nniskors mentalitet och vardag. Sk\u00e4mt om varubrist, ineffektivitet, korrupta tj\u00e4nstem\u00e4n, brutala poliser och hycklande politiker fungerade som en s\u00e4kerhetsventil gentemot den allsm\u00e4ktiga staten. Det var en tyst revolt som visade att \u00e4ven om m\u00e4nniskors liv kunde kontrolleras, s\u00e5 gick det inte att styra \u00f6ver deras tankar eller skratt.<\/p>\n\n\n\n<p>M\u00e5nga av sk\u00e4mten ber\u00e4ttades dessutom av de f\u00f6rtryckta mindre folken i Sovjetunionen och i de s.k satellitl\u00e4nderna. De handlade om hur ryssar g\u00e4rna s\u00e5g sig som lite mer j\u00e4mlika \u00e4n de andra folken i den prolet\u00e4ra internationalistiska paradissamh\u00e4llet, eller g\u00e4rna befriade andra folk fr\u00e5n sig sj\u00e4lva. N\u00e5got som tyv\u00e4rr levt kvar efter Sovjets fall. <\/p>\n\n\n\n<figure class=\"wp-block-image size-full\"><a href=\"https:\/\/www.gellertkovacs.com\/wp-content\/uploads\/2022\/11\/image-1.png\"><img loading=\"lazy\" decoding=\"async\" width=\"225\" height=\"300\" src=\"https:\/\/www.gellertkovacs.com\/wp-content\/uploads\/2022\/11\/image-1.png\" alt=\"\" class=\"wp-image-482\"\/><\/a><\/figure>\n\n\n\n<p>Boken baseras p\u00e5 de sk\u00e4mt som jag samlade p\u00e5 mig under resor i de forna kommunistl\u00e4nderna p\u00e5 1990-talet, och jag skrev ned dem samt illustrerade runt millenieskiftet. Men inget f\u00f6rlag var intresserat av att ge ut den, s\u00e5 materialet hamnade i byr\u00e5l\u00e5dan. Men personal p\u00e5 Arm\u00e9museums butik fick h\u00f6ra talas om projektet och med deras uppmuntran utkom 2013 Sovjetsk\u00e4mt f\u00f6rst p\u00e5 som ett h\u00e4fte. 2016 utvecklades det till en riktig bok. En engelsk utg\u00e5va kom 2018 \u00f6versatt av Kristina Hardi-Dull, och har s\u00e5lts i stora upplagor i fr\u00e4mst Tyskland. En tysk version kom d\u00e4rf\u00f6r 2020, \u00f6versatt av J\u00fcrgen Vater. Covid-epidemin gjorde att f\u00f6rs\u00e4ljningen av den tyska upplagan bromsade in, men 2022 \u00e4r alla tre versionerna till salu igen. Kriget i Ukraina har tyv\u00e4rr gjort att sk\u00e4mten har blivit aktuella p\u00e5 ett skr\u00e4mmande vis, och p\u00e5 ett s\u00e4tt som ingen hade kunnat f\u00f6ruts\u00e4ga vid millenieskiftet.<\/p>\n\n\n\n<p><\/p>\n\n\n\n<p>Jag ger ut b\u00f6ckerna p\u00e5 eget f\u00f6rlag, men \u00e4r \u00f6ppen f\u00f6r samarbete och vidareutveckling av projektet, s\u00e5v\u00e4l i Sverige som i andra l\u00e4nder. I juni 2022 kom \u00e4ven Sovjetsk\u00e4mt ut som E-bok p\u00e5 Saga Egmont f\u00f6rlag.<\/p>\n\n\n\n<figure class=\"wp-block-image size-full is-resized\"><a href=\"https:\/\/www.gellertkovacs.com\/wp-content\/uploads\/2022\/11\/image.png\"><img loading=\"lazy\" decoding=\"async\" src=\"https:\/\/www.gellertkovacs.com\/wp-content\/uploads\/2022\/11\/image.png\" alt=\"\" class=\"wp-image-476\" width=\"280\" height=\"375\"\/><\/a><\/figure>\n\n\n\n<p><\/p>\n\n\n","protected":false},"excerpt":{"rendered":"<p>&#8220;Humorn \u00e4r en av v\u00e5ra viktigaste egenskaper. Inte minst i sv\u00e5righeter. Ofta \u00e4r det den svages och maktl\u00f6ses enda vapen mot en \u00f6verm\u00e4ktig (och ofta humorl\u00f6s) \u00f6verhet. S\u00e4kerligen gick m\u00e4nniskor utel\u00e4mnade \u00e5t en brutal diktatur lite l\u00e4ttnad i sj\u00e4len d\u00e5 de skrattade \u00e5t en riktigt bra vits om den. Det avdemoniserade makten, fick dem att bli l\u00f6jliga och falla ned [&hellip;]<\/p>\n","protected":false},"author":1,"featured_media":0,"parent":0,"menu_order":0,"comment_status":"closed","ping_status":"closed","template":"","meta":{"footnotes":""},"class_list":["post-333","page","type-page","status-publish","hentry"],"_links":{"self":[{"href":"https:\/\/www.gellertkovacs.com\/index.php?rest_route=\/wp\/v2\/pages\/333"}],"collection":[{"href":"https:\/\/www.gellertkovacs.com\/index.php?rest_route=\/wp\/v2\/pages"}],"about":[{"href":"https:\/\/www.gellertkovacs.com\/index.php?rest_route=\/wp\/v2\/types\/page"}],"author":[{"embeddable":true,"href":"https:\/\/www.gellertkovacs.com\/index.php?rest_route=\/wp\/v2\/users\/1"}],"replies":[{"embeddable":true,"href":"https:\/\/www.gellertkovacs.com\/index.php?rest_route=%2Fwp%2Fv2%2Fcomments&post=333"}],"version-history":[{"count":4,"href":"https:\/\/www.gellertkovacs.com\/index.php?rest_route=\/wp\/v2\/pages\/333\/revisions"}],"predecessor-version":[{"id":483,"href":"https:\/\/www.gellertkovacs.com\/index.php?rest_route=\/wp\/v2\/pages\/333\/revisions\/483"}],"wp:attachment":[{"href":"https:\/\/www.gellertkovacs.com\/index.php?rest_route=%2Fwp%2Fv2%2Fmedia&parent=333"}],"curies":[{"name":"wp","href":"https:\/\/api.w.org\/{rel}","templated":true}]}}