{"id":330,"date":"2022-08-07T10:36:15","date_gmt":"2022-08-07T10:36:15","guid":{"rendered":"https:\/\/www.gellertkovacs.com\/?page_id=330"},"modified":"2022-11-21T11:43:36","modified_gmt":"2022-11-21T11:43:36","slug":"artiklar-skymning-over-budapest","status":"publish","type":"page","link":"https:\/\/www.gellertkovacs.com\/?page_id=330","title":{"rendered":"Artiklar Skymning \u00f6ver Budapest"},"content":{"rendered":"\n<h2 class=\"wp-block-heading\">Raoul Wallenbergs ok\u00e4nda medarbetare<\/h2>\n\n\n\n<p>Stefan Ljung, Folket i Bild.&nbsp;15 augusti 2013<\/p>\n\n\n\n<p><a href=\"http:\/\/old.fib.se\/media\/k2\/items\/cache\/be7685026070406a215779b242f1aa2e_XL.jpg\"><\/a><br>Gellert Kovacs, bosatt i Stockholm och f\u00f6dd i Budapest, har finkammat de ungerska arkiven efter information. N\u00e4r Gellert Kovacs debuterar som f\u00f6rfattare g\u00f6r han det med att spr\u00e4cka myten om Raoul Wallenberg som en ensam hj\u00e4lte.<\/p>\n\n\n\n<p>\u2013 Raoul Wallenberg var f\u00f6rvisso en hj\u00e4lte med en avg\u00f6rande betydelse f\u00f6r andra v\u00e4rldskrigets absolut st\u00f6rsta r\u00e4ddningsinsats av judar, men han var inte ensam.<\/p>\n\n\n\n<p>\u2013 Wallenberg var del av ett kollektiv. Det \u00e4r dags att lyfta fram de andra, s\u00e4ger han.<\/p>\n\n\n\n<p>I&nbsp;<strong>Skymning \u00f6ver Budapest<\/strong>&nbsp;skildras en kappl\u00f6pning mot tiden under andra v\u00e4rldskrigets sista m\u00e5nader i den ungerska huvudstaden, en kappl\u00f6pning mellan ondska och godhet. En vilja att utrota ett helt folk st\u00f6ter p\u00e5 motst\u00e5nd fr\u00e5n m\u00e5nga som var och en g\u00f6r en insats, stor eller liten, med risk f\u00f6r sitt eget liv. Budapest surrar av rykten, underjordiska n\u00e4tverk konspirerar och infiltrerar fienden och infiltreras sj\u00e4lva. Judar skickas iv\u00e4g, inledningsvis mot en s\u00e4ker d\u00f6d i Auschwitz, l\u00e4ngre fram till slavarbete i \u00f6sterrikiska Mauthausen. St\u00e4ndigt intrigerar en m\u00e4ngd r\u00e4ddare f\u00f6r att \u00e5terf\u00f6ra s\u00e5 m\u00e5nga som m\u00f6jligt av de bortf\u00f6rda tillbaka till Budapest. Uppemot 100 000 r\u00e4ddades av de organiserade r\u00e4ddningsinsatserna.<\/p>\n\n\n\n<p>-Det har redan skrivits s\u00e5 mycket om Raoul Wallenberg, varf\u00f6r har du skrivit Skymning \u00f6ver Budapest?<\/p>\n\n\n\n<p>\u2013 Jag har alltid varit historiskt intresserad \u2013 jag arbetar ocks\u00e5 som historiel\u00e4rare. Wallenberg \u00e4r ocks\u00e5 en ber\u00f6ringspunkt \u2013 kanske bland de f\u00e5 \u2013 mellan mina tv\u00e5 heml\u00e4nder. Jag skrev om honom redan p\u00e5 gymnasiet, ber\u00e4ttar Gellert Kovacs som flyttade fr\u00e5n Ungern till Stockholm som nio\u00e5ring.<\/p>\n\n\n\n<p>Han forts\u00e4tter:<br>\u2013 Boken \u00e4r ocks\u00e5 ett viktigt dokument f\u00f6r nutidens Ungern, Sverige och \u00f6vriga Europa. Raoul Wallenberg \u00e4r den r\u00f6da tr\u00e5den som binder ihop handlingen, men egentligen skildrar boken framf\u00f6r allt ett stycke centraleuropeisk historia som \u00e4r till hj\u00e4lp att f\u00f6rst\u00e5 mycket av det som p\u00e5g\u00e5r<br>i Europa i dag.<\/p>\n\n\n\n<p>Var det viktigt att lyfta fram den kollektiva g\u00e4rningen?<\/p>\n\n\n\n<p>\u2013 Ja, absolut. Jag har l\u00e4st mycket om Wallenberg. I Wallenberglitteraturen lyfts han fram som den ensamma hj\u00e4lten. Han beskrivs som ensam i ett kaos, \u00e4ven i filmer och tv-serier. Det passar v\u00e4l in i en amerikansk myt: lonely hero, self made man. Wallenbergmyten \u00e4r ocks\u00e5 fr\u00e4mst en myt konstruerad i USA framf\u00f6r allt p\u00e5 1980-talet. Den anv\u00e4ndes som ammunition i Reagans propagandakrig mot Sovjet.<\/p>\n\n\n\n<p>Hur var det egentligen?<\/p>\n\n\n\n<p>\u2013 Den verkliga bilden \u00e4r att han absolut var en modig man som tog stora personliga risker f\u00f6r att utf\u00f6ra sitt uppdrag, men att han var en del av ett n\u00e4tverk p\u00e5 hundratals m\u00e4nniskor som p\u00e5 olika s\u00e4tt bidrog till att r\u00e4dda m\u00e4nniskor. Han var en viktig del av n\u00e4tverket och hans betydelse \u00f6kade mot slutet, men det \u00e4r viktigt att visa hur beroende han ocks\u00e5 var av andra m\u00e4nniskors bidrag.<\/p>\n\n\n\n<p>Det \u00e4r m\u00e5nga som \u00e4r bortgl\u00f6mda?<\/p>\n\n\n\n<p>\u2013 Ja, jag vill lyfta fram flera ok\u00e4nda hj\u00e4ltar, inte f\u00f6r att f\u00f6rminska Wallenberg utan f\u00f6r att lyfta fram andra m\u00e4nniskor som ocks\u00e5 var viktiga f\u00f6r r\u00e4ddningsinsatsen. Det var en kollektiv insats, alla var beroende av varandra. Bilden av att Wallenberg sprang runt ensam och fixade allt st\u00e4mmer inte, han kunde ju inte ens spr\u00e5ket. Det \u00e4r en kollektivber\u00e4ttelse, flera n\u00e4mner jag i boken, men det finns ocks\u00e5 med m\u00e5nga anonyma hj\u00e4ltar som vi aldrig f\u00e5r veta namnet p\u00e5. Det var ett spontant samarbete, ett n\u00e4tverk som v\u00e4xte fram i en kaotisk tid.<\/p>\n\n\n\n<h2 class=\"wp-block-heading\">Fakta om de ok\u00e4nda hj\u00e4ltarna<\/h2>\n\n\n\n<p>Bland r\u00e4ddarna fanns ungrare som representerade allt fr\u00e5n Moskvatrogna och antistalinistiska kommunister till h\u00f6gernationalister som v\u00e4nde sig mot tyskarna till konservativt borgerliga, men ocks\u00e5 kyrkligt organiserade katoliker och reformerta samt judar, b\u00e5de de som identifierade sig med Ungern och de som var sionister. R\u00e4ddarna var ocks\u00e5 utl\u00e4nningar fr\u00e5n de neutrala l\u00e4ndernas ambassader \u2013 fr\u00e4mst Sverige och Schweiz \u2013 och fr\u00e5n Vatikanen och R\u00f6da korset.<br>De bortgl\u00f6mda svenska hj\u00e4ltarna: Valdemar och Nina Langlet, Svenska R\u00f6da korset.<\/p>\n\n\n\n<p>Schweizaren Friedrich Born, IRK:s chef. Per Anger, diplomat och medarbetare vid den svenska legationen i Budapest.<\/p>\n\n\n\n<p>De neutrala: Carl Lutz, ambassadpersonal f\u00f6r Schweiz, var f\u00f6rst med att utf\u00e4rda skyddspass. En metod som Wallenberg tog efter. Angelo Rotta, nuntier och p\u00e5vens representant, arbetade h\u00e5rt f\u00f6r att r\u00e4dda judarna trots Vatikanens passiva roll.<\/p>\n\n\n\n<p>Jorge Perlasca, Franco-Spaniens representant, opportunist som utf\u00e4rdade skyddspass som r\u00e4ddade tusentals judar. Han var italiensk fascist som utgav sig f\u00f6r att vara spansk ambassadtj\u00e4nsteman.<\/p>\n\n\n\n<p>Wallenbergs n\u00e4rmaste medarbetare: Den falske pilkorsaren och skrivmaskinsreparat\u00f6ren Karoly Szabo, hade nordiskt utseende och blandades troligen ofta ihop med Wallenberg.<\/p>\n\n\n\n<p>De viktigaste ungrarna: Pal Szalai, tidigare&nbsp;h\u00f6gernationalistisk pilkorsare som \u00e5terkom men med en egen agenda. Gjorde egna r\u00e4ddningsinsatser och samarbetade senare \u00e4ven med Wallenberg. De tv\u00e5 ledarna f\u00f6r Judiska r\u00e5det, Lajos St\u00f6ckler och Miksa Domonkos hade mycket kontakt med Internationella R\u00f6da korset.<\/p>\n\n\n\n<p>Zoltan Miko, ledare f\u00f6r den milit\u00e4ra motst\u00e5ndsr\u00f6relsen. Geza Soos, ledare f\u00f6r den civila\/kyrkliga motst\u00e5ndsr\u00f6relsen.<\/p>\n\n\n\n<p>Kyrkliga: Syster Margit Schlachta och Sara Salkahazi.<\/p>\n\n\n\n<p>Stefan Ljung.<\/p>\n","protected":false},"excerpt":{"rendered":"<p>Raoul Wallenbergs ok\u00e4nda medarbetare Stefan Ljung, Folket i Bild.&nbsp;15 augusti 2013 Gellert Kovacs, bosatt i Stockholm och f\u00f6dd i Budapest, har finkammat de ungerska arkiven efter information. N\u00e4r Gellert Kovacs debuterar som f\u00f6rfattare g\u00f6r han det med att spr\u00e4cka myten om Raoul Wallenberg som en ensam hj\u00e4lte. \u2013 Raoul Wallenberg var f\u00f6rvisso en hj\u00e4lte med en avg\u00f6rande betydelse f\u00f6r andra [&hellip;]<\/p>\n","protected":false},"author":1,"featured_media":0,"parent":0,"menu_order":0,"comment_status":"closed","ping_status":"closed","template":"","meta":{"footnotes":""},"class_list":["post-330","page","type-page","status-publish","hentry"],"_links":{"self":[{"href":"https:\/\/www.gellertkovacs.com\/index.php?rest_route=\/wp\/v2\/pages\/330"}],"collection":[{"href":"https:\/\/www.gellertkovacs.com\/index.php?rest_route=\/wp\/v2\/pages"}],"about":[{"href":"https:\/\/www.gellertkovacs.com\/index.php?rest_route=\/wp\/v2\/types\/page"}],"author":[{"embeddable":true,"href":"https:\/\/www.gellertkovacs.com\/index.php?rest_route=\/wp\/v2\/users\/1"}],"replies":[{"embeddable":true,"href":"https:\/\/www.gellertkovacs.com\/index.php?rest_route=%2Fwp%2Fv2%2Fcomments&post=330"}],"version-history":[{"count":3,"href":"https:\/\/www.gellertkovacs.com\/index.php?rest_route=\/wp\/v2\/pages\/330\/revisions"}],"predecessor-version":[{"id":446,"href":"https:\/\/www.gellertkovacs.com\/index.php?rest_route=\/wp\/v2\/pages\/330\/revisions\/446"}],"wp:attachment":[{"href":"https:\/\/www.gellertkovacs.com\/index.php?rest_route=%2Fwp%2Fv2%2Fmedia&parent=330"}],"curies":[{"name":"wp","href":"https:\/\/api.w.org\/{rel}","templated":true}]}}