{"id":246,"date":"2015-04-07T15:06:11","date_gmt":"2015-04-07T15:06:11","guid":{"rendered":"https:\/\/www.gellertkovacs.com\/?page_id=246"},"modified":"2022-11-21T23:51:38","modified_gmt":"2022-11-21T23:51:38","slug":"sovjetskamt","status":"publish","type":"page","link":"https:\/\/www.gellertkovacs.com\/?page_id=246","title":{"rendered":"Sovjetsk\u00e4mt"},"content":{"rendered":"<div>\u00a0<a href=\"https:\/\/www.gellertkovacs.com\/wp-content\/uploads\/2022\/11\/Soviet-Jokes-omslag-fix-1.tiff\"><img loading=\"lazy\" decoding=\"async\" class=\"aligncenter\" src=\"https:\/\/xinfo.libris.kb.se\/xinfo\/getxinfo?identifier=\/PICTURE\/bokrondellen\/isbn\/9789163907173\/9789163907173.jpg\/orginal\" alt=\"Omslagsbild\" width=\"452\" height=\"603\" \/><\/a><\/div>\n<div>\u00a0 \u00a0 \u00a0 \u00a0 \u00a0 \u00a0 \u00a0 \u00a0 \u00a0 \u00a0 \u00a0 \u00a0 \u00a0 \u00a0 \u00a0 \u00a0 \u00a0 \u00a0 \u00a0 \u00a0 \u00a0 Sovjetsk\u00e4mt p\u00e5 svenska- Ny layout.<\/div>\n<div><a href=\"https:\/\/www.gellertkovacs.com\/wp-content\/uploads\/2022\/11\/Soviet-Jokes-omslag-fix-1.tiff\"><br \/><img decoding=\"async\" class=\"alignleft size-full wp-image-481\" src=\"https:\/\/www.gellertkovacs.com\/wp-content\/uploads\/2022\/11\/Soviet-Jokes-omslag-fix-1.tiff\" alt=\"\" \/><\/a><\/div>\n<div>\u00a0<\/div>\n<div id=\"yiv0901265349yui_3_16_0_ym19_1_1462533608883_3360\"><strong><span id=\"yiv0901265349yui_3_16_0_ym19_1_1462533608883_3361\" lang=\"sv\">Sovjetsk\u00e4mt- En \u00f6ststatgr\u00e5 historia!\u00a0<\/span><\/strong><\/div>\n<div id=\"yiv0901265349yui_3_16_0_ym19_1_1462533608883_3362\"><strong><span id=\"yiv0901265349yui_3_16_0_ym19_1_1462533608883_3363\" lang=\"sv\">\u00a0<\/span><\/strong><\/div>\n<div id=\"yiv0901265349yui_3_16_0_ym19_1_1462533608883_3365\" dir=\"ltr\"><span id=\"yiv0901265349yui_3_16_0_ym19_1_1462533608883_3366\" lang=\"sv\">Sovjetsk\u00e4mt<\/span><span id=\"yiv0901265349yui_3_16_0_ym19_1_1462533608883_3367\" lang=\"sv\">\u00a0<\/span><span lang=\"sv\"><span lang=\"sv\">\u00e4r en utvald samling av de b\u00e4sta politiska sk\u00e4mten fr\u00e5n det forna \u00f6stblocket. Humorn \u00e4r svart som natten n\u00e4r man sk\u00e4mtar om maktfullkomliga politiker, varubrist, ineffektiva och korrupta tj\u00e4nstem\u00e4n, brutala poliser, samt om hur Sovjetunionen g\u00e4rna befriade sina grannar fr\u00e5n sig sj\u00e4lva. Livet var h\u00e5rt, fattigt och os\u00e4kert bakom j\u00e4rnrid\u00e5n. De politiska vitsarna gav ett gott skratt och en stunds flykt fr\u00e5n verkligheten, men \u00e4ven att ge tjuvnyp \u00e5t makten.\u00a0\u00a0<\/span><\/span><\/div>\n<div dir=\"ltr\">\u00a0<\/div>\n<div dir=\"ltr\">\u00a0<\/div>\n<div dir=\"ltr\">\u00a0 \u00a0 \u00a0 \u00a0 \u00a0 \u00a0 \u00a0 \u00a0 \u00a0 \u00a0 \u00a0 \u00a0 \u00a0 \u00a0 \u00a0 \u00a0 \u00a0 \u00a0 \u00a0 \u00a0 \u00a0 \u00a0 \u00a0 \u00a0 \u00a0 Sovjetsk\u00e4mt- Gamla layouten.<\/div>\n<div dir=\"ltr\">\u00a0<\/div>\n<div dir=\"ltr\"><img loading=\"lazy\" decoding=\"async\" class=\"aligncenter\" src=\"https:\/\/dez1v4fbcawql.cloudfront.net\/product\/1535555\/11914576\/6374129508103.jpg\" alt=\"Sovjetsk\u00e4mt : en \u00f6ststats... | Hardi-Kovacs, Gellert | 56 SEK\" width=\"454\" height=\"687\" \/><\/div>\n\n\n<p>                                                                           <\/p>\n","protected":false},"excerpt":{"rendered":"<p>\u00a0 \u00a0 \u00a0 \u00a0 \u00a0 \u00a0 \u00a0 \u00a0 \u00a0 \u00a0 \u00a0 \u00a0 \u00a0 \u00a0 \u00a0 \u00a0 \u00a0 \u00a0 \u00a0 \u00a0 \u00a0 \u00a0 Sovjetsk\u00e4mt p\u00e5 svenska- Ny layout. \u00a0 Sovjetsk\u00e4mt- En \u00f6ststatgr\u00e5 historia!\u00a0 \u00a0 Sovjetsk\u00e4mt\u00a0\u00e4r en utvald samling av de b\u00e4sta politiska sk\u00e4mten fr\u00e5n det forna \u00f6stblocket. Humorn \u00e4r svart som natten n\u00e4r man sk\u00e4mtar om maktfullkomliga politiker, varubrist, ineffektiva och [&hellip;]<\/p>\n","protected":false},"author":1,"featured_media":0,"parent":0,"menu_order":4,"comment_status":"closed","ping_status":"closed","template":"","meta":{"footnotes":""},"class_list":["post-246","page","type-page","status-publish","hentry"],"_links":{"self":[{"href":"https:\/\/www.gellertkovacs.com\/index.php?rest_route=\/wp\/v2\/pages\/246"}],"collection":[{"href":"https:\/\/www.gellertkovacs.com\/index.php?rest_route=\/wp\/v2\/pages"}],"about":[{"href":"https:\/\/www.gellertkovacs.com\/index.php?rest_route=\/wp\/v2\/types\/page"}],"author":[{"embeddable":true,"href":"https:\/\/www.gellertkovacs.com\/index.php?rest_route=\/wp\/v2\/users\/1"}],"replies":[{"embeddable":true,"href":"https:\/\/www.gellertkovacs.com\/index.php?rest_route=%2Fwp%2Fv2%2Fcomments&post=246"}],"version-history":[{"count":12,"href":"https:\/\/www.gellertkovacs.com\/index.php?rest_route=\/wp\/v2\/pages\/246\/revisions"}],"predecessor-version":[{"id":491,"href":"https:\/\/www.gellertkovacs.com\/index.php?rest_route=\/wp\/v2\/pages\/246\/revisions\/491"}],"wp:attachment":[{"href":"https:\/\/www.gellertkovacs.com\/index.php?rest_route=%2Fwp%2Fv2%2Fmedia&parent=246"}],"curies":[{"name":"wp","href":"https:\/\/api.w.org\/{rel}","templated":true}]}}