{"id":234,"date":"2015-04-07T14:51:40","date_gmt":"2015-04-07T14:51:40","guid":{"rendered":"https:\/\/www.gellertkovacs.com\/?page_id=234"},"modified":"2022-11-21T10:41:29","modified_gmt":"2022-11-21T10:41:29","slug":"c-byran-den-hemliga-svenska-underrattelsetjansten","status":"publish","type":"page","link":"https:\/\/www.gellertkovacs.com\/?page_id=234","title":{"rendered":"Hemligast av alla-C-Byr\u00e5n."},"content":{"rendered":"\n<figure class=\"wp-block-image size-large\"><a href=\"https:\/\/www.gellertkovacs.com\/wp-content\/uploads\/2022\/11\/C-byran_Front_ALT-kopia-1088x1536-3.jpeg\"><img loading=\"lazy\" decoding=\"async\" width=\"725\" height=\"1024\" src=\"https:\/\/www.gellertkovacs.com\/wp-content\/uploads\/2022\/11\/C-byran_Front_ALT-kopia-1088x1536-3-725x1024.jpeg\" alt=\"\" class=\"wp-image-417\" srcset=\"https:\/\/www.gellertkovacs.com\/wp-content\/uploads\/2022\/11\/C-byran_Front_ALT-kopia-1088x1536-3-725x1024.jpeg 725w, https:\/\/www.gellertkovacs.com\/wp-content\/uploads\/2022\/11\/C-byran_Front_ALT-kopia-1088x1536-3-213x300.jpeg 213w, https:\/\/www.gellertkovacs.com\/wp-content\/uploads\/2022\/11\/C-byran_Front_ALT-kopia-1088x1536-3-768x1084.jpeg 768w, https:\/\/www.gellertkovacs.com\/wp-content\/uploads\/2022\/11\/C-byran_Front_ALT-kopia-1088x1536-3.jpeg 1088w\" sizes=\"(max-width: 725px) 100vw, 725px\" \/><\/a><\/figure>\n\n\n\n<h1 class=\"wp-block-heading\">Hemligast av alla C-byr\u00e5n<\/h1>\n\n\n\n<h3 class=\"wp-block-heading\">Gellert Hardi-Kovacs<\/h3>\n\n\n\n<p><em>Ber\u00e4ttelsen om Sveriges hemliga underr\u00e4ttelse under andra v\u00e4rldskriget<\/em><\/p>\n\n\n\n<p>\u201dC-byr\u00e5n var generalstabens hemlighus, en oaptitlig men n\u00f6dv\u00e4ndig inr\u00e4ttning. Den som satts p\u00e5 sin post d\u00e4rinne var skyddad f\u00f6r alla indiskreta blickar. D\u00e5 han lagt p\u00e5 haspen kunde inget st\u00f6ra honom i hans viktiga men beklagliga v\u00e4rv \u2026\u201d S\u00e5 b\u00f6rjar en artikel som n\u00e5gra \u00e5r efter kriget gjorde en kritisk granskning av det svenska f\u00f6rsvarets allra hemligaste del. C-byr\u00e5n var fr\u00e5n b\u00f6rjan en underavdelning av den milit\u00e4ra underr\u00e4ttelsetj\u00e4nsten som skulle inh\u00e4mta information l\u00e4ngs med Sveriges gr\u00e4nser under andra v\u00e4rldskriget. Under ledning av sina tv\u00e5 excentriska chefer, Carl Peters\u00e9n och Helmuth Ternberg, v\u00e4xte avdelningen till en egen organisation, och blev alltmer ett sj\u00e4lvspelande piano i f\u00f6rh\u00e5llande till f\u00f6rsvarets andra delar. Uppdragen l\u00e4ngs gr\u00e4nserna \u00f6vergick snart i hemliga aktioner inne i andra l\u00e4nder, ibland l\u00e5ngt fr\u00e5n Sverige och inte alltid utan godk\u00e4nnande ovanifr\u00e5n.<\/p>\n\n\n\n<p>C-byr\u00e5n var f\u00f6rst i Sverige att etablera kontakter med amerikansk s\u00e4kerhetstj\u00e4nst och de opererade ofta p\u00e5 gr\u00e4nsen till det till\u00e5tna. Anklagelser om tidigare samarbete med Nazityskland och tveksamma privata aff\u00e4rer bidrog dock till att C-byr\u00e5ns rykte sl\u00e4pades i smutsen efter kriget. Drygt 75 \u00e5r senare presenterar nu Gellert Hardi-Kovacs den helt\u00e4ckande ber\u00e4ttelsen om Sveriges \u00f6k\u00e4nda men ok\u00e4nda hemliga underr\u00e4ttelsetj\u00e4nst under andra v\u00e4rldskriget!<\/p>\n\n\n\n<p>Gellert Hardi-Kovacs \u00e4r f\u00f6dd i Ungern men kom som nio\u00e5ring till Sverige. Han \u00e4r historiker, skribent och l\u00e4rare, bosatt i Stockholm.<\/p>\n\n\n\n<p>________<\/p>\n\n\n\n<p>\u201d[F\u00f6rfattaren Gellert Hardi-Kovacs] ger oss bakgrund och orsak till grundande av F\u00f6rsvarets Radioanstalt (FRA), Sveriges tidiga underr\u00e4ttelsef\u00f6rbindelser med USA och Raoul Wallenbergs arbete. Fr\u00e5gan om C-byr\u00e5ns eventuella nazistsympatier penetreras ocks\u00e5 i denna v\u00e4l dokumenterade (fotnoterna \u00e4r m\u00e5nga och upplysande) redog\u00f6relser.\u201d<br>\u2013 Kjell E. Genberg,&nbsp;DAST Magazine<\/p>\n\n\n<div>\u00a0<\/div>\n<p>\u00a0<\/p>","protected":false},"excerpt":{"rendered":"<p>Hemligast av alla C-byr\u00e5n Gellert Hardi-Kovacs Ber\u00e4ttelsen om Sveriges hemliga underr\u00e4ttelse under andra v\u00e4rldskriget \u201dC-byr\u00e5n var generalstabens hemlighus, en oaptitlig men n\u00f6dv\u00e4ndig inr\u00e4ttning. Den som satts p\u00e5 sin post d\u00e4rinne var skyddad f\u00f6r alla indiskreta blickar. D\u00e5 han lagt p\u00e5 haspen kunde inget st\u00f6ra honom i hans viktiga men beklagliga v\u00e4rv \u2026\u201d S\u00e5 b\u00f6rjar en artikel som n\u00e5gra \u00e5r efter [&hellip;]<\/p>\n","protected":false},"author":1,"featured_media":0,"parent":0,"menu_order":3,"comment_status":"closed","ping_status":"closed","template":"","meta":{"footnotes":""},"class_list":["post-234","page","type-page","status-publish","hentry"],"_links":{"self":[{"href":"https:\/\/www.gellertkovacs.com\/index.php?rest_route=\/wp\/v2\/pages\/234"}],"collection":[{"href":"https:\/\/www.gellertkovacs.com\/index.php?rest_route=\/wp\/v2\/pages"}],"about":[{"href":"https:\/\/www.gellertkovacs.com\/index.php?rest_route=\/wp\/v2\/types\/page"}],"author":[{"embeddable":true,"href":"https:\/\/www.gellertkovacs.com\/index.php?rest_route=\/wp\/v2\/users\/1"}],"replies":[{"embeddable":true,"href":"https:\/\/www.gellertkovacs.com\/index.php?rest_route=%2Fwp%2Fv2%2Fcomments&post=234"}],"version-history":[{"count":9,"href":"https:\/\/www.gellertkovacs.com\/index.php?rest_route=\/wp\/v2\/pages\/234\/revisions"}],"predecessor-version":[{"id":418,"href":"https:\/\/www.gellertkovacs.com\/index.php?rest_route=\/wp\/v2\/pages\/234\/revisions\/418"}],"wp:attachment":[{"href":"https:\/\/www.gellertkovacs.com\/index.php?rest_route=%2Fwp%2Fv2%2Fmedia&parent=234"}],"curies":[{"name":"wp","href":"https:\/\/api.w.org\/{rel}","templated":true}]}}